{"id":665,"date":"2025-07-11T16:16:13","date_gmt":"2025-07-11T14:16:13","guid":{"rendered":"https:\/\/tunastore.se\/?product=toccoa-safety-glasses"},"modified":"2025-10-05T21:04:45","modified_gmt":"2025-10-05T19:04:45","slug":"toccoa-safety-glasses","status":"publish","type":"product","link":"https:\/\/utv.tunastore.se\/?product=toccoa-safety-glasses","title":{"rendered":"TOCCOA SAFETY GLASSES"},"content":{"rendered":"<p>Glas\u00f6gonen som fungerar i m\u00e5nga olika milj\u00f6er tack vare att de sluter t\u00e4tt kring \u00f6gonen och har en indirekt ventilation f\u00f6r att motverka imma. B\u00e5de skalm och rem f\u00f6ljer med och \u00e4r l\u00e4tta att byta mellan.<\/p>\n<p>Uppfyller ANSI Z87.1 standard och CE EN166 certifiering.<\/p>\n<p>Finns i f\u00e4rgerna klar, gr\u00e5 och brons<\/p>\n","protected":false},"excerpt":{"rendered":"<p>Glas\u00f6gonen som fungerar i m\u00e5nga olika milj\u00f6er tack vare att de sluter t\u00e4tt kring \u00f6gonen och har en indirekt ventilation f\u00f6r att motverka imma. B\u00e5de skalm och rem f\u00f6ljer med och \u00e4r l\u00e4tta att byta mellan. Uppfyller ANSI Z87.1 standard och CE EN166 certifiering. Finns i f\u00e4rgerna klar, gr\u00e5 och brons<\/p>\n","protected":false},"featured_media":664,"template":"","meta":[],"product_brand":[],"product_cat":[21],"product_tag":[],"class_list":{"0":"post-665","1":"product","2":"type-product","3":"status-publish","4":"has-post-thumbnail","6":"product_cat-tillbehor","8":"first","9":"instock","10":"sale","11":"shipping-taxable","12":"purchasable","13":"product-type-variable"},"yoast_head":"<!-- This site is optimized with the Yoast SEO plugin v26.2 - https:\/\/yoast.com\/wordpress\/plugins\/seo\/ -->\n<title>TOCCOA SAFETY GLASSES - Tunastore<\/title>\n<meta name=\"robots\" content=\"index, follow, max-snippet:-1, max-image-preview:large, max-video-preview:-1\" \/>\n<link rel=\"canonical\" href=\"https:\/\/utv.tunastore.se\/?product=toccoa-safety-glasses\" \/>\n<meta property=\"og:locale\" content=\"sv_SE\" \/>\n<meta property=\"og:type\" content=\"article\" \/>\n<meta property=\"og:title\" content=\"TOCCOA SAFETY GLASSES - Tunastore\" \/>\n<meta property=\"og:description\" content=\"Glas\u00f6gonen som fungerar i m\u00e5nga olika milj\u00f6er tack vare att de sluter t\u00e4tt kring \u00f6gonen och har en indirekt ventilation f\u00f6r att motverka imma. B\u00e5de skalm och rem f\u00f6ljer med och \u00e4r l\u00e4tta att byta mellan. Uppfyller ANSI Z87.1 standard och CE EN166 certifiering. Finns i f\u00e4rgerna klar, gr\u00e5 och brons\" \/>\n<meta property=\"og:url\" content=\"https:\/\/utv.tunastore.se\/?product=toccoa-safety-glasses\" \/>\n<meta property=\"og:site_name\" content=\"Tunastore\" \/>\n<meta property=\"article:modified_time\" content=\"2025-10-05T19:04:45+00:00\" \/>\n<meta property=\"og:image\" content=\"https:\/\/utv.tunastore.se\/wp-content\/uploads\/2025\/07\/22427279-origpic-95d8f7.jpg\" \/>\n\t<meta property=\"og:image:width\" content=\"600\" \/>\n\t<meta property=\"og:image:height\" content=\"600\" \/>\n\t<meta property=\"og:image:type\" content=\"image\/jpeg\" \/>\n<meta name=\"twitter:card\" content=\"summary_large_image\" \/>\n<meta name=\"twitter:label1\" content=\"Ber\u00e4knad l\u00e4stid\" \/>\n\t<meta name=\"twitter:data1\" content=\"1 minut\" \/>\n<script type=\"application\/ld+json\" class=\"yoast-schema-graph\">{\"@context\":\"https:\/\/schema.org\",\"@graph\":[{\"@type\":\"WebPage\",\"@id\":\"https:\/\/utv.tunastore.se\/?product=toccoa-safety-glasses\",\"url\":\"https:\/\/utv.tunastore.se\/?product=toccoa-safety-glasses\",\"name\":\"TOCCOA SAFETY GLASSES - Tunastore\",\"isPartOf\":{\"@id\":\"https:\/\/utv.tunastore.se\/#website\"},\"primaryImageOfPage\":{\"@id\":\"https:\/\/utv.tunastore.se\/?product=toccoa-safety-glasses#primaryimage\"},\"image\":{\"@id\":\"https:\/\/utv.tunastore.se\/?product=toccoa-safety-glasses#primaryimage\"},\"thumbnailUrl\":\"https:\/\/utv.tunastore.se\/wp-content\/uploads\/2025\/07\/22427279-origpic-95d8f7.jpg\",\"datePublished\":\"2025-07-11T14:16:13+00:00\",\"dateModified\":\"2025-10-05T19:04:45+00:00\",\"breadcrumb\":{\"@id\":\"https:\/\/utv.tunastore.se\/?product=toccoa-safety-glasses#breadcrumb\"},\"inLanguage\":\"sv-SE\",\"potentialAction\":[{\"@type\":\"ReadAction\",\"target\":[\"https:\/\/utv.tunastore.se\/?product=toccoa-safety-glasses\"]}]},{\"@type\":\"ImageObject\",\"inLanguage\":\"sv-SE\",\"@id\":\"https:\/\/utv.tunastore.se\/?product=toccoa-safety-glasses#primaryimage\",\"url\":\"https:\/\/utv.tunastore.se\/wp-content\/uploads\/2025\/07\/22427279-origpic-95d8f7.jpg\",\"contentUrl\":\"https:\/\/utv.tunastore.se\/wp-content\/uploads\/2025\/07\/22427279-origpic-95d8f7.jpg\",\"width\":600,\"height\":600},{\"@type\":\"BreadcrumbList\",\"@id\":\"https:\/\/utv.tunastore.se\/?product=toccoa-safety-glasses#breadcrumb\",\"itemListElement\":[{\"@type\":\"ListItem\",\"position\":1,\"name\":\"Hem\",\"item\":\"https:\/\/utv.tunastore.se\/\"},{\"@type\":\"ListItem\",\"position\":2,\"name\":\"Shop\",\"item\":\"https:\/\/utv.tunastore.se\/?page_id=5\"},{\"@type\":\"ListItem\",\"position\":3,\"name\":\"TOCCOA SAFETY GLASSES\"}]},{\"@type\":\"WebSite\",\"@id\":\"https:\/\/utv.tunastore.se\/#website\",\"url\":\"https:\/\/utv.tunastore.se\/\",\"name\":\"Tunastore\",\"description\":\"\",\"publisher\":{\"@id\":\"https:\/\/utv.tunastore.se\/#organization\"},\"potentialAction\":[{\"@type\":\"SearchAction\",\"target\":{\"@type\":\"EntryPoint\",\"urlTemplate\":\"https:\/\/utv.tunastore.se\/?s={search_term_string}\"},\"query-input\":{\"@type\":\"PropertyValueSpecification\",\"valueRequired\":true,\"valueName\":\"search_term_string\"}}],\"inLanguage\":\"sv-SE\"},{\"@type\":\"Organization\",\"@id\":\"https:\/\/utv.tunastore.se\/#organization\",\"name\":\"Tunastore\",\"url\":\"https:\/\/utv.tunastore.se\/\",\"logo\":{\"@type\":\"ImageObject\",\"inLanguage\":\"sv-SE\",\"@id\":\"https:\/\/utv.tunastore.se\/#\/schema\/logo\/image\/\",\"url\":\"https:\/\/tunastore.se\/wp-content\/uploads\/2025\/07\/cropped-tuna_vit.png\",\"contentUrl\":\"https:\/\/tunastore.se\/wp-content\/uploads\/2025\/07\/cropped-tuna_vit.png\",\"width\":426,\"height\":77,\"caption\":\"Tunastore\"},\"image\":{\"@id\":\"https:\/\/utv.tunastore.se\/#\/schema\/logo\/image\/\"}}]}<\/script>\n<!-- \/ Yoast SEO plugin. -->","yoast_head_json":{"title":"TOCCOA SAFETY GLASSES - Tunastore","robots":{"index":"index","follow":"follow","max-snippet":"max-snippet:-1","max-image-preview":"max-image-preview:large","max-video-preview":"max-video-preview:-1"},"canonical":"https:\/\/utv.tunastore.se\/?product=toccoa-safety-glasses","og_locale":"sv_SE","og_type":"article","og_title":"TOCCOA SAFETY GLASSES - Tunastore","og_description":"Glas\u00f6gonen som fungerar i m\u00e5nga olika milj\u00f6er tack vare att de sluter t\u00e4tt kring \u00f6gonen och har en indirekt ventilation f\u00f6r att motverka imma. B\u00e5de skalm och rem f\u00f6ljer med och \u00e4r l\u00e4tta att byta mellan. Uppfyller ANSI Z87.1 standard och CE EN166 certifiering. Finns i f\u00e4rgerna klar, gr\u00e5 och brons","og_url":"https:\/\/utv.tunastore.se\/?product=toccoa-safety-glasses","og_site_name":"Tunastore","article_modified_time":"2025-10-05T19:04:45+00:00","og_image":[{"width":600,"height":600,"url":"https:\/\/utv.tunastore.se\/wp-content\/uploads\/2025\/07\/22427279-origpic-95d8f7.jpg","type":"image\/jpeg"}],"twitter_card":"summary_large_image","twitter_misc":{"Ber\u00e4knad l\u00e4stid":"1 minut"},"schema":{"@context":"https:\/\/schema.org","@graph":[{"@type":"WebPage","@id":"https:\/\/utv.tunastore.se\/?product=toccoa-safety-glasses","url":"https:\/\/utv.tunastore.se\/?product=toccoa-safety-glasses","name":"TOCCOA SAFETY GLASSES - Tunastore","isPartOf":{"@id":"https:\/\/utv.tunastore.se\/#website"},"primaryImageOfPage":{"@id":"https:\/\/utv.tunastore.se\/?product=toccoa-safety-glasses#primaryimage"},"image":{"@id":"https:\/\/utv.tunastore.se\/?product=toccoa-safety-glasses#primaryimage"},"thumbnailUrl":"https:\/\/utv.tunastore.se\/wp-content\/uploads\/2025\/07\/22427279-origpic-95d8f7.jpg","datePublished":"2025-07-11T14:16:13+00:00","dateModified":"2025-10-05T19:04:45+00:00","breadcrumb":{"@id":"https:\/\/utv.tunastore.se\/?product=toccoa-safety-glasses#breadcrumb"},"inLanguage":"sv-SE","potentialAction":[{"@type":"ReadAction","target":["https:\/\/utv.tunastore.se\/?product=toccoa-safety-glasses"]}]},{"@type":"ImageObject","inLanguage":"sv-SE","@id":"https:\/\/utv.tunastore.se\/?product=toccoa-safety-glasses#primaryimage","url":"https:\/\/utv.tunastore.se\/wp-content\/uploads\/2025\/07\/22427279-origpic-95d8f7.jpg","contentUrl":"https:\/\/utv.tunastore.se\/wp-content\/uploads\/2025\/07\/22427279-origpic-95d8f7.jpg","width":600,"height":600},{"@type":"BreadcrumbList","@id":"https:\/\/utv.tunastore.se\/?product=toccoa-safety-glasses#breadcrumb","itemListElement":[{"@type":"ListItem","position":1,"name":"Hem","item":"https:\/\/utv.tunastore.se\/"},{"@type":"ListItem","position":2,"name":"Shop","item":"https:\/\/utv.tunastore.se\/?page_id=5"},{"@type":"ListItem","position":3,"name":"TOCCOA SAFETY GLASSES"}]},{"@type":"WebSite","@id":"https:\/\/utv.tunastore.se\/#website","url":"https:\/\/utv.tunastore.se\/","name":"Tunastore","description":"","publisher":{"@id":"https:\/\/utv.tunastore.se\/#organization"},"potentialAction":[{"@type":"SearchAction","target":{"@type":"EntryPoint","urlTemplate":"https:\/\/utv.tunastore.se\/?s={search_term_string}"},"query-input":{"@type":"PropertyValueSpecification","valueRequired":true,"valueName":"search_term_string"}}],"inLanguage":"sv-SE"},{"@type":"Organization","@id":"https:\/\/utv.tunastore.se\/#organization","name":"Tunastore","url":"https:\/\/utv.tunastore.se\/","logo":{"@type":"ImageObject","inLanguage":"sv-SE","@id":"https:\/\/utv.tunastore.se\/#\/schema\/logo\/image\/","url":"https:\/\/tunastore.se\/wp-content\/uploads\/2025\/07\/cropped-tuna_vit.png","contentUrl":"https:\/\/tunastore.se\/wp-content\/uploads\/2025\/07\/cropped-tuna_vit.png","width":426,"height":77,"caption":"Tunastore"},"image":{"@id":"https:\/\/utv.tunastore.se\/#\/schema\/logo\/image\/"}}]}},"_links":{"self":[{"href":"https:\/\/utv.tunastore.se\/index.php?rest_route=\/wp\/v2\/product\/665","targetHints":{"allow":["GET"]}}],"collection":[{"href":"https:\/\/utv.tunastore.se\/index.php?rest_route=\/wp\/v2\/product"}],"about":[{"href":"https:\/\/utv.tunastore.se\/index.php?rest_route=\/wp\/v2\/types\/product"}],"wp:featuredmedia":[{"embeddable":true,"href":"https:\/\/utv.tunastore.se\/index.php?rest_route=\/wp\/v2\/media\/664"}],"wp:attachment":[{"href":"https:\/\/utv.tunastore.se\/index.php?rest_route=%2Fwp%2Fv2%2Fmedia&parent=665"}],"wp:term":[{"taxonomy":"product_brand","embeddable":true,"href":"https:\/\/utv.tunastore.se\/index.php?rest_route=%2Fwp%2Fv2%2Fproduct_brand&post=665"},{"taxonomy":"product_cat","embeddable":true,"href":"https:\/\/utv.tunastore.se\/index.php?rest_route=%2Fwp%2Fv2%2Fproduct_cat&post=665"},{"taxonomy":"product_tag","embeddable":true,"href":"https:\/\/utv.tunastore.se\/index.php?rest_route=%2Fwp%2Fv2%2Fproduct_tag&post=665"}],"curies":[{"name":"wp","href":"https:\/\/api.w.org\/{rel}","templated":true}]}}