{"id":394,"date":"2025-07-11T16:11:31","date_gmt":"2025-07-11T14:11:31","guid":{"rendered":"https:\/\/tunastore.se\/?product=2203-anvil-belt-black"},"modified":"2025-10-05T21:04:35","modified_gmt":"2025-10-05T19:04:35","slug":"2203-anvil-belt-black","status":"publish","type":"product","link":"https:\/\/utv.tunastore.se\/?product=2203-anvil-belt-black","title":{"rendered":"2203 Anvil Belt Black"},"content":{"rendered":"<p>\u2022 Polerat l\u00e4der<br \/>\n\u2022 Sp\u00e4nne i kanonbrons<br \/>\n\u2022 Pr\u00e4glad logo p\u00e5 b\u00e4ltesh\u00e5llaren och \u00e4nden av b\u00e4ltet<br \/>\n\u2022 38mm brett<\/p>\n<p>Storleksguide:<br \/>\nW34 passar dig med midjestorlek 31 och 32.<br \/>\nW36 passar dig med midjestorlek 33 och 34.<br \/>\nW38 passar dig med midjestorlek 36.<br \/>\nW40 passar dig med midjestorlek 38.<br \/>\nW42 passar dig med midjestorlek 40.<\/p>\n","protected":false},"excerpt":{"rendered":"<p>\u2022 Polerat l\u00e4der \u2022 Sp\u00e4nne i kanonbrons \u2022 Pr\u00e4glad logo p\u00e5 b\u00e4ltesh\u00e5llaren och \u00e4nden av b\u00e4ltet \u2022 38mm brett Storleksguide: W34 passar dig med midjestorlek 31 och 32. W36 passar dig med midjestorlek 33 och 34. W38 passar dig med midjestorlek 36. W40 passar dig med midjestorlek 38. W42 passar dig med midjestorlek 40.<\/p>\n","protected":false},"featured_media":393,"template":"","meta":[],"product_brand":[],"product_cat":[21],"product_tag":[],"class_list":{"0":"post-394","1":"product","2":"type-product","3":"status-publish","4":"has-post-thumbnail","6":"product_cat-tillbehor","8":"first","9":"instock","10":"sale","11":"shipping-taxable","12":"purchasable","13":"product-type-variable"},"yoast_head":"<!-- This site is optimized with the Yoast SEO plugin v26.2 - https:\/\/yoast.com\/wordpress\/plugins\/seo\/ -->\n<title>2203 Anvil Belt Black - Tunastore<\/title>\n<meta name=\"robots\" content=\"index, follow, max-snippet:-1, max-image-preview:large, max-video-preview:-1\" \/>\n<link rel=\"canonical\" href=\"https:\/\/utv.tunastore.se\/?product=2203-anvil-belt-black\" \/>\n<meta property=\"og:locale\" content=\"sv_SE\" \/>\n<meta property=\"og:type\" content=\"article\" \/>\n<meta property=\"og:title\" content=\"2203 Anvil Belt Black - Tunastore\" \/>\n<meta property=\"og:description\" content=\"\u2022 Polerat l\u00e4der \u2022 Sp\u00e4nne i kanonbrons \u2022 Pr\u00e4glad logo p\u00e5 b\u00e4ltesh\u00e5llaren och \u00e4nden av b\u00e4ltet \u2022 38mm brett Storleksguide: W34 passar dig med midjestorlek 31 och 32. W36 passar dig med midjestorlek 33 och 34. W38 passar dig med midjestorlek 36. W40 passar dig med midjestorlek 38. W42 passar dig med midjestorlek 40.\" \/>\n<meta property=\"og:url\" content=\"https:\/\/utv.tunastore.se\/?product=2203-anvil-belt-black\" \/>\n<meta property=\"og:site_name\" content=\"Tunastore\" \/>\n<meta property=\"article:modified_time\" content=\"2025-10-05T19:04:35+00:00\" \/>\n<meta property=\"og:image\" content=\"https:\/\/utv.tunastore.se\/wp-content\/uploads\/2025\/07\/8699247-origpic-a2712e.jpg\" \/>\n\t<meta property=\"og:image:width\" content=\"1000\" \/>\n\t<meta property=\"og:image:height\" content=\"1000\" \/>\n\t<meta property=\"og:image:type\" content=\"image\/jpeg\" \/>\n<meta name=\"twitter:card\" content=\"summary_large_image\" \/>\n<meta name=\"twitter:label1\" content=\"Ber\u00e4knad l\u00e4stid\" \/>\n\t<meta name=\"twitter:data1\" content=\"1 minut\" \/>\n<script type=\"application\/ld+json\" class=\"yoast-schema-graph\">{\"@context\":\"https:\/\/schema.org\",\"@graph\":[{\"@type\":\"WebPage\",\"@id\":\"https:\/\/utv.tunastore.se\/?product=2203-anvil-belt-black\",\"url\":\"https:\/\/utv.tunastore.se\/?product=2203-anvil-belt-black\",\"name\":\"2203 Anvil Belt Black - Tunastore\",\"isPartOf\":{\"@id\":\"https:\/\/tunastore.se\/#website\"},\"primaryImageOfPage\":{\"@id\":\"https:\/\/utv.tunastore.se\/?product=2203-anvil-belt-black#primaryimage\"},\"image\":{\"@id\":\"https:\/\/utv.tunastore.se\/?product=2203-anvil-belt-black#primaryimage\"},\"thumbnailUrl\":\"https:\/\/utv.tunastore.se\/wp-content\/uploads\/2025\/07\/8699247-origpic-a2712e.jpg\",\"datePublished\":\"2025-07-11T14:11:31+00:00\",\"dateModified\":\"2025-10-05T19:04:35+00:00\",\"breadcrumb\":{\"@id\":\"https:\/\/utv.tunastore.se\/?product=2203-anvil-belt-black#breadcrumb\"},\"inLanguage\":\"sv-SE\",\"potentialAction\":[{\"@type\":\"ReadAction\",\"target\":[\"https:\/\/utv.tunastore.se\/?product=2203-anvil-belt-black\"]}]},{\"@type\":\"ImageObject\",\"inLanguage\":\"sv-SE\",\"@id\":\"https:\/\/utv.tunastore.se\/?product=2203-anvil-belt-black#primaryimage\",\"url\":\"https:\/\/utv.tunastore.se\/wp-content\/uploads\/2025\/07\/8699247-origpic-a2712e.jpg\",\"contentUrl\":\"https:\/\/utv.tunastore.se\/wp-content\/uploads\/2025\/07\/8699247-origpic-a2712e.jpg\",\"width\":1000,\"height\":1000},{\"@type\":\"BreadcrumbList\",\"@id\":\"https:\/\/utv.tunastore.se\/?product=2203-anvil-belt-black#breadcrumb\",\"itemListElement\":[{\"@type\":\"ListItem\",\"position\":1,\"name\":\"Hem\",\"item\":\"https:\/\/tunastore.se\/\"},{\"@type\":\"ListItem\",\"position\":2,\"name\":\"Shop\",\"item\":\"https:\/\/tunastore.se\/?page_id=5\"},{\"@type\":\"ListItem\",\"position\":3,\"name\":\"2203 Anvil Belt Black\"}]},{\"@type\":\"WebSite\",\"@id\":\"https:\/\/tunastore.se\/#website\",\"url\":\"https:\/\/tunastore.se\/\",\"name\":\"Tunastore\",\"description\":\"\",\"publisher\":{\"@id\":\"https:\/\/tunastore.se\/#organization\"},\"potentialAction\":[{\"@type\":\"SearchAction\",\"target\":{\"@type\":\"EntryPoint\",\"urlTemplate\":\"https:\/\/tunastore.se\/?s={search_term_string}\"},\"query-input\":{\"@type\":\"PropertyValueSpecification\",\"valueRequired\":true,\"valueName\":\"search_term_string\"}}],\"inLanguage\":\"sv-SE\"},{\"@type\":\"Organization\",\"@id\":\"https:\/\/tunastore.se\/#organization\",\"name\":\"Tunastore\",\"url\":\"https:\/\/tunastore.se\/\",\"logo\":{\"@type\":\"ImageObject\",\"inLanguage\":\"sv-SE\",\"@id\":\"https:\/\/tunastore.se\/#\/schema\/logo\/image\/\",\"url\":\"https:\/\/tunastore.se\/wp-content\/uploads\/2025\/07\/cropped-tuna_vit.png\",\"contentUrl\":\"https:\/\/tunastore.se\/wp-content\/uploads\/2025\/07\/cropped-tuna_vit.png\",\"width\":426,\"height\":77,\"caption\":\"Tunastore\"},\"image\":{\"@id\":\"https:\/\/tunastore.se\/#\/schema\/logo\/image\/\"}}]}<\/script>\n<!-- \/ Yoast SEO plugin. -->","yoast_head_json":{"title":"2203 Anvil Belt Black - Tunastore","robots":{"index":"index","follow":"follow","max-snippet":"max-snippet:-1","max-image-preview":"max-image-preview:large","max-video-preview":"max-video-preview:-1"},"canonical":"https:\/\/utv.tunastore.se\/?product=2203-anvil-belt-black","og_locale":"sv_SE","og_type":"article","og_title":"2203 Anvil Belt Black - Tunastore","og_description":"\u2022 Polerat l\u00e4der \u2022 Sp\u00e4nne i kanonbrons \u2022 Pr\u00e4glad logo p\u00e5 b\u00e4ltesh\u00e5llaren och \u00e4nden av b\u00e4ltet \u2022 38mm brett Storleksguide: W34 passar dig med midjestorlek 31 och 32. W36 passar dig med midjestorlek 33 och 34. W38 passar dig med midjestorlek 36. W40 passar dig med midjestorlek 38. W42 passar dig med midjestorlek 40.","og_url":"https:\/\/utv.tunastore.se\/?product=2203-anvil-belt-black","og_site_name":"Tunastore","article_modified_time":"2025-10-05T19:04:35+00:00","og_image":[{"width":1000,"height":1000,"url":"https:\/\/utv.tunastore.se\/wp-content\/uploads\/2025\/07\/8699247-origpic-a2712e.jpg","type":"image\/jpeg"}],"twitter_card":"summary_large_image","twitter_misc":{"Ber\u00e4knad l\u00e4stid":"1 minut"},"schema":{"@context":"https:\/\/schema.org","@graph":[{"@type":"WebPage","@id":"https:\/\/utv.tunastore.se\/?product=2203-anvil-belt-black","url":"https:\/\/utv.tunastore.se\/?product=2203-anvil-belt-black","name":"2203 Anvil Belt Black - Tunastore","isPartOf":{"@id":"https:\/\/tunastore.se\/#website"},"primaryImageOfPage":{"@id":"https:\/\/utv.tunastore.se\/?product=2203-anvil-belt-black#primaryimage"},"image":{"@id":"https:\/\/utv.tunastore.se\/?product=2203-anvil-belt-black#primaryimage"},"thumbnailUrl":"https:\/\/utv.tunastore.se\/wp-content\/uploads\/2025\/07\/8699247-origpic-a2712e.jpg","datePublished":"2025-07-11T14:11:31+00:00","dateModified":"2025-10-05T19:04:35+00:00","breadcrumb":{"@id":"https:\/\/utv.tunastore.se\/?product=2203-anvil-belt-black#breadcrumb"},"inLanguage":"sv-SE","potentialAction":[{"@type":"ReadAction","target":["https:\/\/utv.tunastore.se\/?product=2203-anvil-belt-black"]}]},{"@type":"ImageObject","inLanguage":"sv-SE","@id":"https:\/\/utv.tunastore.se\/?product=2203-anvil-belt-black#primaryimage","url":"https:\/\/utv.tunastore.se\/wp-content\/uploads\/2025\/07\/8699247-origpic-a2712e.jpg","contentUrl":"https:\/\/utv.tunastore.se\/wp-content\/uploads\/2025\/07\/8699247-origpic-a2712e.jpg","width":1000,"height":1000},{"@type":"BreadcrumbList","@id":"https:\/\/utv.tunastore.se\/?product=2203-anvil-belt-black#breadcrumb","itemListElement":[{"@type":"ListItem","position":1,"name":"Hem","item":"https:\/\/tunastore.se\/"},{"@type":"ListItem","position":2,"name":"Shop","item":"https:\/\/tunastore.se\/?page_id=5"},{"@type":"ListItem","position":3,"name":"2203 Anvil Belt Black"}]},{"@type":"WebSite","@id":"https:\/\/tunastore.se\/#website","url":"https:\/\/tunastore.se\/","name":"Tunastore","description":"","publisher":{"@id":"https:\/\/tunastore.se\/#organization"},"potentialAction":[{"@type":"SearchAction","target":{"@type":"EntryPoint","urlTemplate":"https:\/\/tunastore.se\/?s={search_term_string}"},"query-input":{"@type":"PropertyValueSpecification","valueRequired":true,"valueName":"search_term_string"}}],"inLanguage":"sv-SE"},{"@type":"Organization","@id":"https:\/\/tunastore.se\/#organization","name":"Tunastore","url":"https:\/\/tunastore.se\/","logo":{"@type":"ImageObject","inLanguage":"sv-SE","@id":"https:\/\/tunastore.se\/#\/schema\/logo\/image\/","url":"https:\/\/tunastore.se\/wp-content\/uploads\/2025\/07\/cropped-tuna_vit.png","contentUrl":"https:\/\/tunastore.se\/wp-content\/uploads\/2025\/07\/cropped-tuna_vit.png","width":426,"height":77,"caption":"Tunastore"},"image":{"@id":"https:\/\/tunastore.se\/#\/schema\/logo\/image\/"}}]}},"_links":{"self":[{"href":"https:\/\/utv.tunastore.se\/index.php?rest_route=\/wp\/v2\/product\/394","targetHints":{"allow":["GET"]}}],"collection":[{"href":"https:\/\/utv.tunastore.se\/index.php?rest_route=\/wp\/v2\/product"}],"about":[{"href":"https:\/\/utv.tunastore.se\/index.php?rest_route=\/wp\/v2\/types\/product"}],"wp:featuredmedia":[{"embeddable":true,"href":"https:\/\/utv.tunastore.se\/index.php?rest_route=\/wp\/v2\/media\/393"}],"wp:attachment":[{"href":"https:\/\/utv.tunastore.se\/index.php?rest_route=%2Fwp%2Fv2%2Fmedia&parent=394"}],"wp:term":[{"taxonomy":"product_brand","embeddable":true,"href":"https:\/\/utv.tunastore.se\/index.php?rest_route=%2Fwp%2Fv2%2Fproduct_brand&post=394"},{"taxonomy":"product_cat","embeddable":true,"href":"https:\/\/utv.tunastore.se\/index.php?rest_route=%2Fwp%2Fv2%2Fproduct_cat&post=394"},{"taxonomy":"product_tag","embeddable":true,"href":"https:\/\/utv.tunastore.se\/index.php?rest_route=%2Fwp%2Fv2%2Fproduct_tag&post=394"}],"curies":[{"name":"wp","href":"https:\/\/api.w.org\/{rel}","templated":true}]}}