{"id":1223,"date":"2025-07-11T17:01:18","date_gmt":"2025-07-11T15:01:18","guid":{"rendered":"https:\/\/tunastore.se\/?product=stretch-duck-double-front-pant-carhartt-brown-w33l34"},"modified":"2025-08-15T11:19:17","modified_gmt":"2025-08-15T09:19:17","slug":"stretch-duck-double-front-pant-carhartt-brown-w33l34","status":"publish","type":"product","link":"https:\/\/utv.tunastore.se\/?product=stretch-duck-double-front-pant-carhartt-brown-w33l34","title":{"rendered":"STRETCH DUCK DOUBLE FRONT PANT CARHARTT BROWN W33L34"},"content":{"rendered":"<p>\u2022 Rugged Flex\u00ae teknologi<br \/>\n\u2022 Normal midja<br \/>\n\u2022 F\u00f6rb\u00e4ttrad bekv\u00e4mlighet och komfort<br \/>\n\u2022 Flera verktygsfickor<br \/>\n\u2022 Hammarhank<br \/>\n\u2022 Tv\u00e5 f\u00f6rst\u00e4rkta bakfickor<br \/>\n\u2022 F\u00f6rst\u00e4rkta fram p\u00e5 benen<br \/>\n\u2022 Huvuds\u00f6mmar sydda med trippelstygn<\/p>\n<p>Material<br \/>\n12 oz. (407g), 99% bomull \/ 1% elastiskduck<\/p>\n","protected":false},"excerpt":{"rendered":"<p>\u2022 Rugged Flex\u00ae teknologi \u2022 Normal midja \u2022 F\u00f6rb\u00e4ttrad bekv\u00e4mlighet och komfort \u2022 Flera verktygsfickor \u2022 Hammarhank \u2022 Tv\u00e5 f\u00f6rst\u00e4rkta bakfickor \u2022 F\u00f6rst\u00e4rkta fram p\u00e5 benen \u2022 Huvuds\u00f6mmar sydda med trippelstygn Material 12 oz. (407g), 99% bomull \/ 1% elastiskduck<\/p>\n","protected":false},"featured_media":1222,"template":"","meta":[],"product_brand":[],"product_cat":[22,23,20],"product_tag":[],"class_list":{"0":"post-1223","1":"product","2":"type-product","3":"status-publish","4":"has-post-thumbnail","6":"product_cat-byxor","7":"product_cat-herrar","8":"product_cat-surplus","10":"first","11":"outofstock","12":"sale","13":"shipping-taxable","14":"purchasable","15":"product-type-simple"},"yoast_head":"<!-- This site is optimized with the Yoast SEO plugin v26.2 - https:\/\/yoast.com\/wordpress\/plugins\/seo\/ -->\n<title>STRETCH DUCK DOUBLE FRONT PANT CARHARTT BROWN W33L34 - Tunastore<\/title>\n<meta name=\"robots\" content=\"index, follow, max-snippet:-1, max-image-preview:large, max-video-preview:-1\" \/>\n<link rel=\"canonical\" href=\"https:\/\/utv.tunastore.se\/?product=stretch-duck-double-front-pant-carhartt-brown-w33l34\" \/>\n<meta property=\"og:locale\" content=\"sv_SE\" \/>\n<meta property=\"og:type\" content=\"article\" \/>\n<meta property=\"og:title\" content=\"STRETCH DUCK DOUBLE FRONT PANT CARHARTT BROWN W33L34 - Tunastore\" \/>\n<meta property=\"og:description\" content=\"\u2022 Rugged Flex\u00ae teknologi \u2022 Normal midja \u2022 F\u00f6rb\u00e4ttrad bekv\u00e4mlighet och komfort \u2022 Flera verktygsfickor \u2022 Hammarhank \u2022 Tv\u00e5 f\u00f6rst\u00e4rkta bakfickor \u2022 F\u00f6rst\u00e4rkta fram p\u00e5 benen \u2022 Huvuds\u00f6mmar sydda med trippelstygn Material 12 oz. (407g), 99% bomull \/ 1% elastiskduck\" \/>\n<meta property=\"og:url\" content=\"https:\/\/utv.tunastore.se\/?product=stretch-duck-double-front-pant-carhartt-brown-w33l34\" \/>\n<meta property=\"og:site_name\" content=\"Tunastore\" \/>\n<meta property=\"article:modified_time\" content=\"2025-08-15T09:19:17+00:00\" \/>\n<meta property=\"og:image\" content=\"https:\/\/utv.tunastore.se\/wp-content\/uploads\/2025\/07\/211542041-origpic-756db6.jpg\" \/>\n\t<meta property=\"og:image:width\" content=\"833\" \/>\n\t<meta property=\"og:image:height\" content=\"1250\" \/>\n\t<meta property=\"og:image:type\" content=\"image\/jpeg\" \/>\n<meta name=\"twitter:card\" content=\"summary_large_image\" \/>\n<meta name=\"twitter:label1\" content=\"Ber\u00e4knad l\u00e4stid\" \/>\n\t<meta name=\"twitter:data1\" content=\"1 minut\" \/>\n<script type=\"application\/ld+json\" class=\"yoast-schema-graph\">{\"@context\":\"https:\/\/schema.org\",\"@graph\":[{\"@type\":\"WebPage\",\"@id\":\"https:\/\/utv.tunastore.se\/?product=stretch-duck-double-front-pant-carhartt-brown-w33l34\",\"url\":\"https:\/\/utv.tunastore.se\/?product=stretch-duck-double-front-pant-carhartt-brown-w33l34\",\"name\":\"STRETCH DUCK DOUBLE FRONT PANT CARHARTT BROWN W33L34 - Tunastore\",\"isPartOf\":{\"@id\":\"https:\/\/utv.tunastore.se\/#website\"},\"primaryImageOfPage\":{\"@id\":\"https:\/\/utv.tunastore.se\/?product=stretch-duck-double-front-pant-carhartt-brown-w33l34#primaryimage\"},\"image\":{\"@id\":\"https:\/\/utv.tunastore.se\/?product=stretch-duck-double-front-pant-carhartt-brown-w33l34#primaryimage\"},\"thumbnailUrl\":\"https:\/\/utv.tunastore.se\/wp-content\/uploads\/2025\/07\/211542041-origpic-756db6.jpg\",\"datePublished\":\"2025-07-11T15:01:18+00:00\",\"dateModified\":\"2025-08-15T09:19:17+00:00\",\"breadcrumb\":{\"@id\":\"https:\/\/utv.tunastore.se\/?product=stretch-duck-double-front-pant-carhartt-brown-w33l34#breadcrumb\"},\"inLanguage\":\"sv-SE\",\"potentialAction\":[{\"@type\":\"ReadAction\",\"target\":[\"https:\/\/utv.tunastore.se\/?product=stretch-duck-double-front-pant-carhartt-brown-w33l34\"]}]},{\"@type\":\"ImageObject\",\"inLanguage\":\"sv-SE\",\"@id\":\"https:\/\/utv.tunastore.se\/?product=stretch-duck-double-front-pant-carhartt-brown-w33l34#primaryimage\",\"url\":\"https:\/\/utv.tunastore.se\/wp-content\/uploads\/2025\/07\/211542041-origpic-756db6.jpg\",\"contentUrl\":\"https:\/\/utv.tunastore.se\/wp-content\/uploads\/2025\/07\/211542041-origpic-756db6.jpg\",\"width\":833,\"height\":1250},{\"@type\":\"BreadcrumbList\",\"@id\":\"https:\/\/utv.tunastore.se\/?product=stretch-duck-double-front-pant-carhartt-brown-w33l34#breadcrumb\",\"itemListElement\":[{\"@type\":\"ListItem\",\"position\":1,\"name\":\"Hem\",\"item\":\"https:\/\/utv.tunastore.se\/\"},{\"@type\":\"ListItem\",\"position\":2,\"name\":\"Shop\",\"item\":\"https:\/\/utv.tunastore.se\/?page_id=5\"},{\"@type\":\"ListItem\",\"position\":3,\"name\":\"STRETCH DUCK DOUBLE FRONT PANT CARHARTT BROWN W33L34\"}]},{\"@type\":\"WebSite\",\"@id\":\"https:\/\/utv.tunastore.se\/#website\",\"url\":\"https:\/\/utv.tunastore.se\/\",\"name\":\"Tunastore\",\"description\":\"\",\"publisher\":{\"@id\":\"https:\/\/utv.tunastore.se\/#organization\"},\"potentialAction\":[{\"@type\":\"SearchAction\",\"target\":{\"@type\":\"EntryPoint\",\"urlTemplate\":\"https:\/\/utv.tunastore.se\/?s={search_term_string}\"},\"query-input\":{\"@type\":\"PropertyValueSpecification\",\"valueRequired\":true,\"valueName\":\"search_term_string\"}}],\"inLanguage\":\"sv-SE\"},{\"@type\":\"Organization\",\"@id\":\"https:\/\/utv.tunastore.se\/#organization\",\"name\":\"Tunastore\",\"url\":\"https:\/\/utv.tunastore.se\/\",\"logo\":{\"@type\":\"ImageObject\",\"inLanguage\":\"sv-SE\",\"@id\":\"https:\/\/utv.tunastore.se\/#\/schema\/logo\/image\/\",\"url\":\"https:\/\/tunastore.se\/wp-content\/uploads\/2025\/07\/cropped-tuna_vit.png\",\"contentUrl\":\"https:\/\/tunastore.se\/wp-content\/uploads\/2025\/07\/cropped-tuna_vit.png\",\"width\":426,\"height\":77,\"caption\":\"Tunastore\"},\"image\":{\"@id\":\"https:\/\/utv.tunastore.se\/#\/schema\/logo\/image\/\"}}]}<\/script>\n<!-- \/ Yoast SEO plugin. -->","yoast_head_json":{"title":"STRETCH DUCK DOUBLE FRONT PANT CARHARTT BROWN W33L34 - Tunastore","robots":{"index":"index","follow":"follow","max-snippet":"max-snippet:-1","max-image-preview":"max-image-preview:large","max-video-preview":"max-video-preview:-1"},"canonical":"https:\/\/utv.tunastore.se\/?product=stretch-duck-double-front-pant-carhartt-brown-w33l34","og_locale":"sv_SE","og_type":"article","og_title":"STRETCH DUCK DOUBLE FRONT PANT CARHARTT BROWN W33L34 - Tunastore","og_description":"\u2022 Rugged Flex\u00ae teknologi \u2022 Normal midja \u2022 F\u00f6rb\u00e4ttrad bekv\u00e4mlighet och komfort \u2022 Flera verktygsfickor \u2022 Hammarhank \u2022 Tv\u00e5 f\u00f6rst\u00e4rkta bakfickor \u2022 F\u00f6rst\u00e4rkta fram p\u00e5 benen \u2022 Huvuds\u00f6mmar sydda med trippelstygn Material 12 oz. (407g), 99% bomull \/ 1% elastiskduck","og_url":"https:\/\/utv.tunastore.se\/?product=stretch-duck-double-front-pant-carhartt-brown-w33l34","og_site_name":"Tunastore","article_modified_time":"2025-08-15T09:19:17+00:00","og_image":[{"width":833,"height":1250,"url":"https:\/\/utv.tunastore.se\/wp-content\/uploads\/2025\/07\/211542041-origpic-756db6.jpg","type":"image\/jpeg"}],"twitter_card":"summary_large_image","twitter_misc":{"Ber\u00e4knad l\u00e4stid":"1 minut"},"schema":{"@context":"https:\/\/schema.org","@graph":[{"@type":"WebPage","@id":"https:\/\/utv.tunastore.se\/?product=stretch-duck-double-front-pant-carhartt-brown-w33l34","url":"https:\/\/utv.tunastore.se\/?product=stretch-duck-double-front-pant-carhartt-brown-w33l34","name":"STRETCH DUCK DOUBLE FRONT PANT CARHARTT BROWN W33L34 - Tunastore","isPartOf":{"@id":"https:\/\/utv.tunastore.se\/#website"},"primaryImageOfPage":{"@id":"https:\/\/utv.tunastore.se\/?product=stretch-duck-double-front-pant-carhartt-brown-w33l34#primaryimage"},"image":{"@id":"https:\/\/utv.tunastore.se\/?product=stretch-duck-double-front-pant-carhartt-brown-w33l34#primaryimage"},"thumbnailUrl":"https:\/\/utv.tunastore.se\/wp-content\/uploads\/2025\/07\/211542041-origpic-756db6.jpg","datePublished":"2025-07-11T15:01:18+00:00","dateModified":"2025-08-15T09:19:17+00:00","breadcrumb":{"@id":"https:\/\/utv.tunastore.se\/?product=stretch-duck-double-front-pant-carhartt-brown-w33l34#breadcrumb"},"inLanguage":"sv-SE","potentialAction":[{"@type":"ReadAction","target":["https:\/\/utv.tunastore.se\/?product=stretch-duck-double-front-pant-carhartt-brown-w33l34"]}]},{"@type":"ImageObject","inLanguage":"sv-SE","@id":"https:\/\/utv.tunastore.se\/?product=stretch-duck-double-front-pant-carhartt-brown-w33l34#primaryimage","url":"https:\/\/utv.tunastore.se\/wp-content\/uploads\/2025\/07\/211542041-origpic-756db6.jpg","contentUrl":"https:\/\/utv.tunastore.se\/wp-content\/uploads\/2025\/07\/211542041-origpic-756db6.jpg","width":833,"height":1250},{"@type":"BreadcrumbList","@id":"https:\/\/utv.tunastore.se\/?product=stretch-duck-double-front-pant-carhartt-brown-w33l34#breadcrumb","itemListElement":[{"@type":"ListItem","position":1,"name":"Hem","item":"https:\/\/utv.tunastore.se\/"},{"@type":"ListItem","position":2,"name":"Shop","item":"https:\/\/utv.tunastore.se\/?page_id=5"},{"@type":"ListItem","position":3,"name":"STRETCH DUCK DOUBLE FRONT PANT CARHARTT BROWN W33L34"}]},{"@type":"WebSite","@id":"https:\/\/utv.tunastore.se\/#website","url":"https:\/\/utv.tunastore.se\/","name":"Tunastore","description":"","publisher":{"@id":"https:\/\/utv.tunastore.se\/#organization"},"potentialAction":[{"@type":"SearchAction","target":{"@type":"EntryPoint","urlTemplate":"https:\/\/utv.tunastore.se\/?s={search_term_string}"},"query-input":{"@type":"PropertyValueSpecification","valueRequired":true,"valueName":"search_term_string"}}],"inLanguage":"sv-SE"},{"@type":"Organization","@id":"https:\/\/utv.tunastore.se\/#organization","name":"Tunastore","url":"https:\/\/utv.tunastore.se\/","logo":{"@type":"ImageObject","inLanguage":"sv-SE","@id":"https:\/\/utv.tunastore.se\/#\/schema\/logo\/image\/","url":"https:\/\/tunastore.se\/wp-content\/uploads\/2025\/07\/cropped-tuna_vit.png","contentUrl":"https:\/\/tunastore.se\/wp-content\/uploads\/2025\/07\/cropped-tuna_vit.png","width":426,"height":77,"caption":"Tunastore"},"image":{"@id":"https:\/\/utv.tunastore.se\/#\/schema\/logo\/image\/"}}]}},"_links":{"self":[{"href":"https:\/\/utv.tunastore.se\/index.php?rest_route=\/wp\/v2\/product\/1223","targetHints":{"allow":["GET"]}}],"collection":[{"href":"https:\/\/utv.tunastore.se\/index.php?rest_route=\/wp\/v2\/product"}],"about":[{"href":"https:\/\/utv.tunastore.se\/index.php?rest_route=\/wp\/v2\/types\/product"}],"wp:featuredmedia":[{"embeddable":true,"href":"https:\/\/utv.tunastore.se\/index.php?rest_route=\/wp\/v2\/media\/1222"}],"wp:attachment":[{"href":"https:\/\/utv.tunastore.se\/index.php?rest_route=%2Fwp%2Fv2%2Fmedia&parent=1223"}],"wp:term":[{"taxonomy":"product_brand","embeddable":true,"href":"https:\/\/utv.tunastore.se\/index.php?rest_route=%2Fwp%2Fv2%2Fproduct_brand&post=1223"},{"taxonomy":"product_cat","embeddable":true,"href":"https:\/\/utv.tunastore.se\/index.php?rest_route=%2Fwp%2Fv2%2Fproduct_cat&post=1223"},{"taxonomy":"product_tag","embeddable":true,"href":"https:\/\/utv.tunastore.se\/index.php?rest_route=%2Fwp%2Fv2%2Fproduct_tag&post=1223"}],"curies":[{"name":"wp","href":"https:\/\/api.w.org\/{rel}","templated":true}]}}