{"id":1155,"date":"2025-07-11T16:58:55","date_gmt":"2025-07-11T14:58:55","guid":{"rendered":"https:\/\/tunastore.se\/?product=relaxed-fit-fleece-jacket-black-svart"},"modified":"2025-10-05T21:05:06","modified_gmt":"2025-10-05T19:05:06","slug":"relaxed-fit-fleece-jacket-black-svart","status":"publish","type":"product","link":"https:\/\/utv.tunastore.se\/?product=relaxed-fit-fleece-jacket-black-svart","title":{"rendered":"RELAXED FIT FLEECE JACKET BLACK SVART"},"content":{"rendered":"<p>OBS! Stora i storleken. Om man \u00e4r 185 cm och v\u00e4ger 80 kg passar storlek Medium. OBS!<\/p>\n<p>\u2022 Fleecetr\u00f6ja med dragkedja<br \/>\n\u2022 St\u00f6rre passform f\u00f6r \u00f6kad r\u00f6relsefrihet<br \/>\n\u2022 Sherpa Fleece<br \/>\n\u2022 H\u00f6g krage<br \/>\n\u2022 Br\u00f6stficka p\u00e5 v\u00e4nster sida med dragkedja<br \/>\n\u2022 Tv\u00e5 fickor fram med dragkedja<br \/>\n\u2022 Muddar i elestan vid \u00e4rmslut och midja<\/p>\n<p>Material:<br \/>\n\u2022 8,5 oz \/ yd\u00b2 &#8211; 288 g.<br \/>\n\u2022 100% Polyester<\/p>\n","protected":false},"excerpt":{"rendered":"<p>OBS! Stora i storleken. Om man \u00e4r 185 cm och v\u00e4ger 80 kg passar storlek Medium. OBS! \u2022 Fleecetr\u00f6ja med dragkedja \u2022 St\u00f6rre passform f\u00f6r \u00f6kad r\u00f6relsefrihet \u2022 Sherpa Fleece \u2022 H\u00f6g krage \u2022 Br\u00f6stficka p\u00e5 v\u00e4nster sida med dragkedja \u2022 Tv\u00e5 fickor fram med dragkedja \u2022 Muddar i elestan vid \u00e4rmslut och midja Material: [&hellip;]<\/p>\n","protected":false},"featured_media":1154,"template":"","meta":[],"product_brand":[],"product_cat":[23,19,29],"product_tag":[],"class_list":{"0":"post-1155","1":"product","2":"type-product","3":"status-publish","4":"has-post-thumbnail","6":"product_cat-herrar","7":"product_cat-nyheter","8":"product_cat-ytterplagg","10":"first","11":"instock","12":"sale","13":"featured","14":"shipping-taxable","15":"purchasable","16":"product-type-variable"},"yoast_head":"<!-- This site is optimized with the Yoast SEO plugin v26.2 - https:\/\/yoast.com\/wordpress\/plugins\/seo\/ -->\n<title>RELAXED FIT FLEECE JACKET BLACK SVART - Tunastore<\/title>\n<meta name=\"robots\" content=\"index, follow, max-snippet:-1, max-image-preview:large, max-video-preview:-1\" \/>\n<link rel=\"canonical\" href=\"https:\/\/utv.tunastore.se\/?product=relaxed-fit-fleece-jacket-black-svart\" \/>\n<meta property=\"og:locale\" content=\"sv_SE\" \/>\n<meta property=\"og:type\" content=\"article\" \/>\n<meta property=\"og:title\" content=\"RELAXED FIT FLEECE JACKET BLACK SVART - Tunastore\" \/>\n<meta property=\"og:description\" content=\"OBS! Stora i storleken. Om man \u00e4r 185 cm och v\u00e4ger 80 kg passar storlek Medium. OBS! \u2022 Fleecetr\u00f6ja med dragkedja \u2022 St\u00f6rre passform f\u00f6r \u00f6kad r\u00f6relsefrihet \u2022 Sherpa Fleece \u2022 H\u00f6g krage \u2022 Br\u00f6stficka p\u00e5 v\u00e4nster sida med dragkedja \u2022 Tv\u00e5 fickor fram med dragkedja \u2022 Muddar i elestan vid \u00e4rmslut och midja Material: [&hellip;]\" \/>\n<meta property=\"og:url\" content=\"https:\/\/utv.tunastore.se\/?product=relaxed-fit-fleece-jacket-black-svart\" \/>\n<meta property=\"og:site_name\" content=\"Tunastore\" \/>\n<meta property=\"article:modified_time\" content=\"2025-10-05T19:05:06+00:00\" \/>\n<meta property=\"og:image\" content=\"https:\/\/utv.tunastore.se\/wp-content\/uploads\/2025\/07\/185447195-origpic-de5437.jpg\" \/>\n\t<meta property=\"og:image:width\" content=\"1928\" \/>\n\t<meta property=\"og:image:height\" content=\"1928\" \/>\n\t<meta property=\"og:image:type\" content=\"image\/jpeg\" \/>\n<meta name=\"twitter:card\" content=\"summary_large_image\" \/>\n<meta name=\"twitter:label1\" content=\"Ber\u00e4knad l\u00e4stid\" \/>\n\t<meta name=\"twitter:data1\" content=\"1 minut\" \/>\n<script type=\"application\/ld+json\" class=\"yoast-schema-graph\">{\"@context\":\"https:\/\/schema.org\",\"@graph\":[{\"@type\":\"WebPage\",\"@id\":\"https:\/\/utv.tunastore.se\/?product=relaxed-fit-fleece-jacket-black-svart\",\"url\":\"https:\/\/utv.tunastore.se\/?product=relaxed-fit-fleece-jacket-black-svart\",\"name\":\"RELAXED FIT FLEECE JACKET BLACK SVART - Tunastore\",\"isPartOf\":{\"@id\":\"https:\/\/utv.tunastore.se\/#website\"},\"primaryImageOfPage\":{\"@id\":\"https:\/\/utv.tunastore.se\/?product=relaxed-fit-fleece-jacket-black-svart#primaryimage\"},\"image\":{\"@id\":\"https:\/\/utv.tunastore.se\/?product=relaxed-fit-fleece-jacket-black-svart#primaryimage\"},\"thumbnailUrl\":\"https:\/\/utv.tunastore.se\/wp-content\/uploads\/2025\/07\/185447195-origpic-de5437.jpg\",\"datePublished\":\"2025-07-11T14:58:55+00:00\",\"dateModified\":\"2025-10-05T19:05:06+00:00\",\"breadcrumb\":{\"@id\":\"https:\/\/utv.tunastore.se\/?product=relaxed-fit-fleece-jacket-black-svart#breadcrumb\"},\"inLanguage\":\"sv-SE\",\"potentialAction\":[{\"@type\":\"ReadAction\",\"target\":[\"https:\/\/utv.tunastore.se\/?product=relaxed-fit-fleece-jacket-black-svart\"]}]},{\"@type\":\"ImageObject\",\"inLanguage\":\"sv-SE\",\"@id\":\"https:\/\/utv.tunastore.se\/?product=relaxed-fit-fleece-jacket-black-svart#primaryimage\",\"url\":\"https:\/\/utv.tunastore.se\/wp-content\/uploads\/2025\/07\/185447195-origpic-de5437.jpg\",\"contentUrl\":\"https:\/\/utv.tunastore.se\/wp-content\/uploads\/2025\/07\/185447195-origpic-de5437.jpg\",\"width\":1928,\"height\":1928},{\"@type\":\"BreadcrumbList\",\"@id\":\"https:\/\/utv.tunastore.se\/?product=relaxed-fit-fleece-jacket-black-svart#breadcrumb\",\"itemListElement\":[{\"@type\":\"ListItem\",\"position\":1,\"name\":\"Hem\",\"item\":\"https:\/\/utv.tunastore.se\/\"},{\"@type\":\"ListItem\",\"position\":2,\"name\":\"Shop\",\"item\":\"https:\/\/utv.tunastore.se\/?page_id=5\"},{\"@type\":\"ListItem\",\"position\":3,\"name\":\"RELAXED FIT FLEECE JACKET BLACK SVART\"}]},{\"@type\":\"WebSite\",\"@id\":\"https:\/\/utv.tunastore.se\/#website\",\"url\":\"https:\/\/utv.tunastore.se\/\",\"name\":\"Tunastore\",\"description\":\"\",\"publisher\":{\"@id\":\"https:\/\/utv.tunastore.se\/#organization\"},\"potentialAction\":[{\"@type\":\"SearchAction\",\"target\":{\"@type\":\"EntryPoint\",\"urlTemplate\":\"https:\/\/utv.tunastore.se\/?s={search_term_string}\"},\"query-input\":{\"@type\":\"PropertyValueSpecification\",\"valueRequired\":true,\"valueName\":\"search_term_string\"}}],\"inLanguage\":\"sv-SE\"},{\"@type\":\"Organization\",\"@id\":\"https:\/\/utv.tunastore.se\/#organization\",\"name\":\"Tunastore\",\"url\":\"https:\/\/utv.tunastore.se\/\",\"logo\":{\"@type\":\"ImageObject\",\"inLanguage\":\"sv-SE\",\"@id\":\"https:\/\/utv.tunastore.se\/#\/schema\/logo\/image\/\",\"url\":\"https:\/\/tunastore.se\/wp-content\/uploads\/2025\/07\/cropped-tuna_vit.png\",\"contentUrl\":\"https:\/\/tunastore.se\/wp-content\/uploads\/2025\/07\/cropped-tuna_vit.png\",\"width\":426,\"height\":77,\"caption\":\"Tunastore\"},\"image\":{\"@id\":\"https:\/\/utv.tunastore.se\/#\/schema\/logo\/image\/\"}}]}<\/script>\n<!-- \/ Yoast SEO plugin. -->","yoast_head_json":{"title":"RELAXED FIT FLEECE JACKET BLACK SVART - Tunastore","robots":{"index":"index","follow":"follow","max-snippet":"max-snippet:-1","max-image-preview":"max-image-preview:large","max-video-preview":"max-video-preview:-1"},"canonical":"https:\/\/utv.tunastore.se\/?product=relaxed-fit-fleece-jacket-black-svart","og_locale":"sv_SE","og_type":"article","og_title":"RELAXED FIT FLEECE JACKET BLACK SVART - Tunastore","og_description":"OBS! Stora i storleken. Om man \u00e4r 185 cm och v\u00e4ger 80 kg passar storlek Medium. OBS! \u2022 Fleecetr\u00f6ja med dragkedja \u2022 St\u00f6rre passform f\u00f6r \u00f6kad r\u00f6relsefrihet \u2022 Sherpa Fleece \u2022 H\u00f6g krage \u2022 Br\u00f6stficka p\u00e5 v\u00e4nster sida med dragkedja \u2022 Tv\u00e5 fickor fram med dragkedja \u2022 Muddar i elestan vid \u00e4rmslut och midja Material: [&hellip;]","og_url":"https:\/\/utv.tunastore.se\/?product=relaxed-fit-fleece-jacket-black-svart","og_site_name":"Tunastore","article_modified_time":"2025-10-05T19:05:06+00:00","og_image":[{"width":1928,"height":1928,"url":"https:\/\/utv.tunastore.se\/wp-content\/uploads\/2025\/07\/185447195-origpic-de5437.jpg","type":"image\/jpeg"}],"twitter_card":"summary_large_image","twitter_misc":{"Ber\u00e4knad l\u00e4stid":"1 minut"},"schema":{"@context":"https:\/\/schema.org","@graph":[{"@type":"WebPage","@id":"https:\/\/utv.tunastore.se\/?product=relaxed-fit-fleece-jacket-black-svart","url":"https:\/\/utv.tunastore.se\/?product=relaxed-fit-fleece-jacket-black-svart","name":"RELAXED FIT FLEECE JACKET BLACK SVART - Tunastore","isPartOf":{"@id":"https:\/\/utv.tunastore.se\/#website"},"primaryImageOfPage":{"@id":"https:\/\/utv.tunastore.se\/?product=relaxed-fit-fleece-jacket-black-svart#primaryimage"},"image":{"@id":"https:\/\/utv.tunastore.se\/?product=relaxed-fit-fleece-jacket-black-svart#primaryimage"},"thumbnailUrl":"https:\/\/utv.tunastore.se\/wp-content\/uploads\/2025\/07\/185447195-origpic-de5437.jpg","datePublished":"2025-07-11T14:58:55+00:00","dateModified":"2025-10-05T19:05:06+00:00","breadcrumb":{"@id":"https:\/\/utv.tunastore.se\/?product=relaxed-fit-fleece-jacket-black-svart#breadcrumb"},"inLanguage":"sv-SE","potentialAction":[{"@type":"ReadAction","target":["https:\/\/utv.tunastore.se\/?product=relaxed-fit-fleece-jacket-black-svart"]}]},{"@type":"ImageObject","inLanguage":"sv-SE","@id":"https:\/\/utv.tunastore.se\/?product=relaxed-fit-fleece-jacket-black-svart#primaryimage","url":"https:\/\/utv.tunastore.se\/wp-content\/uploads\/2025\/07\/185447195-origpic-de5437.jpg","contentUrl":"https:\/\/utv.tunastore.se\/wp-content\/uploads\/2025\/07\/185447195-origpic-de5437.jpg","width":1928,"height":1928},{"@type":"BreadcrumbList","@id":"https:\/\/utv.tunastore.se\/?product=relaxed-fit-fleece-jacket-black-svart#breadcrumb","itemListElement":[{"@type":"ListItem","position":1,"name":"Hem","item":"https:\/\/utv.tunastore.se\/"},{"@type":"ListItem","position":2,"name":"Shop","item":"https:\/\/utv.tunastore.se\/?page_id=5"},{"@type":"ListItem","position":3,"name":"RELAXED FIT FLEECE JACKET BLACK SVART"}]},{"@type":"WebSite","@id":"https:\/\/utv.tunastore.se\/#website","url":"https:\/\/utv.tunastore.se\/","name":"Tunastore","description":"","publisher":{"@id":"https:\/\/utv.tunastore.se\/#organization"},"potentialAction":[{"@type":"SearchAction","target":{"@type":"EntryPoint","urlTemplate":"https:\/\/utv.tunastore.se\/?s={search_term_string}"},"query-input":{"@type":"PropertyValueSpecification","valueRequired":true,"valueName":"search_term_string"}}],"inLanguage":"sv-SE"},{"@type":"Organization","@id":"https:\/\/utv.tunastore.se\/#organization","name":"Tunastore","url":"https:\/\/utv.tunastore.se\/","logo":{"@type":"ImageObject","inLanguage":"sv-SE","@id":"https:\/\/utv.tunastore.se\/#\/schema\/logo\/image\/","url":"https:\/\/tunastore.se\/wp-content\/uploads\/2025\/07\/cropped-tuna_vit.png","contentUrl":"https:\/\/tunastore.se\/wp-content\/uploads\/2025\/07\/cropped-tuna_vit.png","width":426,"height":77,"caption":"Tunastore"},"image":{"@id":"https:\/\/utv.tunastore.se\/#\/schema\/logo\/image\/"}}]}},"_links":{"self":[{"href":"https:\/\/utv.tunastore.se\/index.php?rest_route=\/wp\/v2\/product\/1155","targetHints":{"allow":["GET"]}}],"collection":[{"href":"https:\/\/utv.tunastore.se\/index.php?rest_route=\/wp\/v2\/product"}],"about":[{"href":"https:\/\/utv.tunastore.se\/index.php?rest_route=\/wp\/v2\/types\/product"}],"wp:featuredmedia":[{"embeddable":true,"href":"https:\/\/utv.tunastore.se\/index.php?rest_route=\/wp\/v2\/media\/1154"}],"wp:attachment":[{"href":"https:\/\/utv.tunastore.se\/index.php?rest_route=%2Fwp%2Fv2%2Fmedia&parent=1155"}],"wp:term":[{"taxonomy":"product_brand","embeddable":true,"href":"https:\/\/utv.tunastore.se\/index.php?rest_route=%2Fwp%2Fv2%2Fproduct_brand&post=1155"},{"taxonomy":"product_cat","embeddable":true,"href":"https:\/\/utv.tunastore.se\/index.php?rest_route=%2Fwp%2Fv2%2Fproduct_cat&post=1155"},{"taxonomy":"product_tag","embeddable":true,"href":"https:\/\/utv.tunastore.se\/index.php?rest_route=%2Fwp%2Fv2%2Fproduct_tag&post=1155"}],"curies":[{"name":"wp","href":"https:\/\/api.w.org\/{rel}","templated":true}]}}