{"id":1097,"date":"2025-07-11T16:57:44","date_gmt":"2025-07-11T14:57:44","guid":{"rendered":"https:\/\/tunastore.se\/?product=steel-multipocket-pant-carhartt-brown"},"modified":"2025-10-05T20:33:32","modified_gmt":"2025-10-05T18:33:32","slug":"steel-multipocket-pant-carhartt-brown","status":"publish","type":"product","link":"https:\/\/utv.tunastore.se\/?product=steel-multipocket-pant-carhartt-brown","title":{"rendered":"STEEL MULTIPOCKET PANT CARHARTT BROWN"},"content":{"rendered":"<p>\u2022 Passar precis under midjan<br \/>\n\u2022 Avslappnat s\u00e4te och l\u00e5r<br \/>\n\u2022 Komfort flexlinning<br \/>\n\u2022 Cordura\u00ae-f\u00f6rst\u00e4rkta framfickor<br \/>\n\u2022 Tv\u00e5 h\u00e4ngande verktygsfickor<br \/>\n\u2022 F\u00f6rst\u00e4rkt Cordura\u00ae bakficka med fri h\u00e4ngande botten f\u00f6r extra kapacitet<br \/>\n\u2022 Hammarhank p\u00e5 h\u00f6ger ben<br \/>\n\u2022 Cordura\u00ae-verktygsband<br \/>\n\u2022 Bekv\u00e4m f\u00f6rst\u00e4rkt gren<br \/>\n\u2022 Dubbelf\u00f6rst\u00e4rkt kn\u00e4 med plats f\u00f6r kn\u00e4skydd<br \/>\n\u2022 Helt ledat kn\u00e4 med platt s\u00f6m i baksidan<br \/>\n\u2022 Stora f\u00f6rst\u00e4rkta lastfickor, med \u00f6ppningsfall h\u00f6gst upp<br \/>\n\u2022 H\u00f6ger framficka med fri h\u00e4ngande botten som ger \u00f6kad kapacitet<br \/>\n\u2022 H\u00f6ger nyckelficka med fri h\u00e4ngande botten f\u00f6r bra f\u00f6rvaring<br \/>\n\u2022 Cordura\u00ae-f\u00f6rst\u00e4rkt skenben<br \/>\n\u2022 Rak ben\u00f6ppning<br \/>\n\u2022 F\u00f6rb\u00e4ttrad kroppsform och komfort<br \/>\n\u2022 \u00d6kad ryggl\u00e4ngd f\u00f6r b\u00e4ttre t\u00e4ckning<\/p>\n<p>Material:<br \/>\n8-ounce \/ 271g, 59% bomull \/ 39% polyester \/ 2% elastisk Ripstop<\/p>\n","protected":false},"excerpt":{"rendered":"<p>\u2022 Passar precis under midjan \u2022 Avslappnat s\u00e4te och l\u00e5r \u2022 Komfort flexlinning \u2022 Cordura\u00ae-f\u00f6rst\u00e4rkta framfickor \u2022 Tv\u00e5 h\u00e4ngande verktygsfickor \u2022 F\u00f6rst\u00e4rkt Cordura\u00ae bakficka med fri h\u00e4ngande botten f\u00f6r extra kapacitet \u2022 Hammarhank p\u00e5 h\u00f6ger ben \u2022 Cordura\u00ae-verktygsband \u2022 Bekv\u00e4m f\u00f6rst\u00e4rkt gren \u2022 Dubbelf\u00f6rst\u00e4rkt kn\u00e4 med plats f\u00f6r kn\u00e4skydd \u2022 Helt ledat kn\u00e4 med platt [&hellip;]<\/p>\n","protected":false},"featured_media":1927,"template":"","meta":[],"product_brand":[],"product_cat":[22,23,19],"product_tag":[],"class_list":{"0":"post-1097","1":"product","2":"type-product","3":"status-publish","4":"has-post-thumbnail","6":"product_cat-byxor","7":"product_cat-herrar","8":"product_cat-nyheter","10":"first","11":"instock","12":"sale","13":"featured","14":"shipping-taxable","15":"purchasable","16":"product-type-variable"},"yoast_head":"<!-- This site is optimized with the Yoast SEO plugin v26.2 - https:\/\/yoast.com\/wordpress\/plugins\/seo\/ -->\n<title>STEEL MULTIPOCKET PANT CARHARTT BROWN - Tunastore<\/title>\n<meta name=\"robots\" content=\"index, follow, max-snippet:-1, max-image-preview:large, max-video-preview:-1\" \/>\n<link rel=\"canonical\" href=\"https:\/\/utv.tunastore.se\/?product=steel-multipocket-pant-carhartt-brown\" \/>\n<meta property=\"og:locale\" content=\"sv_SE\" \/>\n<meta property=\"og:type\" content=\"article\" \/>\n<meta property=\"og:title\" content=\"STEEL MULTIPOCKET PANT CARHARTT BROWN - Tunastore\" \/>\n<meta property=\"og:description\" content=\"\u2022 Passar precis under midjan \u2022 Avslappnat s\u00e4te och l\u00e5r \u2022 Komfort flexlinning \u2022 Cordura\u00ae-f\u00f6rst\u00e4rkta framfickor \u2022 Tv\u00e5 h\u00e4ngande verktygsfickor \u2022 F\u00f6rst\u00e4rkt Cordura\u00ae bakficka med fri h\u00e4ngande botten f\u00f6r extra kapacitet \u2022 Hammarhank p\u00e5 h\u00f6ger ben \u2022 Cordura\u00ae-verktygsband \u2022 Bekv\u00e4m f\u00f6rst\u00e4rkt gren \u2022 Dubbelf\u00f6rst\u00e4rkt kn\u00e4 med plats f\u00f6r kn\u00e4skydd \u2022 Helt ledat kn\u00e4 med platt [&hellip;]\" \/>\n<meta property=\"og:url\" content=\"https:\/\/utv.tunastore.se\/?product=steel-multipocket-pant-carhartt-brown\" \/>\n<meta property=\"og:site_name\" content=\"Tunastore\" \/>\n<meta property=\"article:modified_time\" content=\"2025-10-05T18:33:32+00:00\" \/>\n<meta property=\"og:image\" content=\"https:\/\/utv.tunastore.se\/wp-content\/uploads\/2025\/08\/178512329-origpic-9aec5c.jpg\" \/>\n\t<meta property=\"og:image:width\" content=\"1181\" \/>\n\t<meta property=\"og:image:height\" content=\"1181\" \/>\n\t<meta property=\"og:image:type\" content=\"image\/jpeg\" \/>\n<meta name=\"twitter:card\" content=\"summary_large_image\" \/>\n<meta name=\"twitter:label1\" content=\"Ber\u00e4knad l\u00e4stid\" \/>\n\t<meta name=\"twitter:data1\" content=\"1 minut\" \/>\n<script type=\"application\/ld+json\" class=\"yoast-schema-graph\">{\"@context\":\"https:\/\/schema.org\",\"@graph\":[{\"@type\":\"WebPage\",\"@id\":\"https:\/\/utv.tunastore.se\/?product=steel-multipocket-pant-carhartt-brown\",\"url\":\"https:\/\/utv.tunastore.se\/?product=steel-multipocket-pant-carhartt-brown\",\"name\":\"STEEL MULTIPOCKET PANT CARHARTT BROWN - Tunastore\",\"isPartOf\":{\"@id\":\"https:\/\/utv.tunastore.se\/#website\"},\"primaryImageOfPage\":{\"@id\":\"https:\/\/utv.tunastore.se\/?product=steel-multipocket-pant-carhartt-brown#primaryimage\"},\"image\":{\"@id\":\"https:\/\/utv.tunastore.se\/?product=steel-multipocket-pant-carhartt-brown#primaryimage\"},\"thumbnailUrl\":\"https:\/\/utv.tunastore.se\/wp-content\/uploads\/2025\/08\/178512329-origpic-9aec5c.jpg\",\"datePublished\":\"2025-07-11T14:57:44+00:00\",\"dateModified\":\"2025-10-05T18:33:32+00:00\",\"breadcrumb\":{\"@id\":\"https:\/\/utv.tunastore.se\/?product=steel-multipocket-pant-carhartt-brown#breadcrumb\"},\"inLanguage\":\"sv-SE\",\"potentialAction\":[{\"@type\":\"ReadAction\",\"target\":[\"https:\/\/utv.tunastore.se\/?product=steel-multipocket-pant-carhartt-brown\"]}]},{\"@type\":\"ImageObject\",\"inLanguage\":\"sv-SE\",\"@id\":\"https:\/\/utv.tunastore.se\/?product=steel-multipocket-pant-carhartt-brown#primaryimage\",\"url\":\"https:\/\/utv.tunastore.se\/wp-content\/uploads\/2025\/08\/178512329-origpic-9aec5c.jpg\",\"contentUrl\":\"https:\/\/utv.tunastore.se\/wp-content\/uploads\/2025\/08\/178512329-origpic-9aec5c.jpg\",\"width\":1181,\"height\":1181},{\"@type\":\"BreadcrumbList\",\"@id\":\"https:\/\/utv.tunastore.se\/?product=steel-multipocket-pant-carhartt-brown#breadcrumb\",\"itemListElement\":[{\"@type\":\"ListItem\",\"position\":1,\"name\":\"Hem\",\"item\":\"https:\/\/utv.tunastore.se\/\"},{\"@type\":\"ListItem\",\"position\":2,\"name\":\"Shop\",\"item\":\"https:\/\/utv.tunastore.se\/?page_id=5\"},{\"@type\":\"ListItem\",\"position\":3,\"name\":\"STEEL MULTIPOCKET PANT CARHARTT BROWN\"}]},{\"@type\":\"WebSite\",\"@id\":\"https:\/\/utv.tunastore.se\/#website\",\"url\":\"https:\/\/utv.tunastore.se\/\",\"name\":\"Tunastore\",\"description\":\"\",\"publisher\":{\"@id\":\"https:\/\/utv.tunastore.se\/#organization\"},\"potentialAction\":[{\"@type\":\"SearchAction\",\"target\":{\"@type\":\"EntryPoint\",\"urlTemplate\":\"https:\/\/utv.tunastore.se\/?s={search_term_string}\"},\"query-input\":{\"@type\":\"PropertyValueSpecification\",\"valueRequired\":true,\"valueName\":\"search_term_string\"}}],\"inLanguage\":\"sv-SE\"},{\"@type\":\"Organization\",\"@id\":\"https:\/\/utv.tunastore.se\/#organization\",\"name\":\"Tunastore\",\"url\":\"https:\/\/utv.tunastore.se\/\",\"logo\":{\"@type\":\"ImageObject\",\"inLanguage\":\"sv-SE\",\"@id\":\"https:\/\/utv.tunastore.se\/#\/schema\/logo\/image\/\",\"url\":\"https:\/\/tunastore.se\/wp-content\/uploads\/2025\/07\/cropped-tuna_vit.png\",\"contentUrl\":\"https:\/\/tunastore.se\/wp-content\/uploads\/2025\/07\/cropped-tuna_vit.png\",\"width\":426,\"height\":77,\"caption\":\"Tunastore\"},\"image\":{\"@id\":\"https:\/\/utv.tunastore.se\/#\/schema\/logo\/image\/\"}}]}<\/script>\n<!-- \/ Yoast SEO plugin. -->","yoast_head_json":{"title":"STEEL MULTIPOCKET PANT CARHARTT BROWN - Tunastore","robots":{"index":"index","follow":"follow","max-snippet":"max-snippet:-1","max-image-preview":"max-image-preview:large","max-video-preview":"max-video-preview:-1"},"canonical":"https:\/\/utv.tunastore.se\/?product=steel-multipocket-pant-carhartt-brown","og_locale":"sv_SE","og_type":"article","og_title":"STEEL MULTIPOCKET PANT CARHARTT BROWN - Tunastore","og_description":"\u2022 Passar precis under midjan \u2022 Avslappnat s\u00e4te och l\u00e5r \u2022 Komfort flexlinning \u2022 Cordura\u00ae-f\u00f6rst\u00e4rkta framfickor \u2022 Tv\u00e5 h\u00e4ngande verktygsfickor \u2022 F\u00f6rst\u00e4rkt Cordura\u00ae bakficka med fri h\u00e4ngande botten f\u00f6r extra kapacitet \u2022 Hammarhank p\u00e5 h\u00f6ger ben \u2022 Cordura\u00ae-verktygsband \u2022 Bekv\u00e4m f\u00f6rst\u00e4rkt gren \u2022 Dubbelf\u00f6rst\u00e4rkt kn\u00e4 med plats f\u00f6r kn\u00e4skydd \u2022 Helt ledat kn\u00e4 med platt [&hellip;]","og_url":"https:\/\/utv.tunastore.se\/?product=steel-multipocket-pant-carhartt-brown","og_site_name":"Tunastore","article_modified_time":"2025-10-05T18:33:32+00:00","og_image":[{"width":1181,"height":1181,"url":"https:\/\/utv.tunastore.se\/wp-content\/uploads\/2025\/08\/178512329-origpic-9aec5c.jpg","type":"image\/jpeg"}],"twitter_card":"summary_large_image","twitter_misc":{"Ber\u00e4knad l\u00e4stid":"1 minut"},"schema":{"@context":"https:\/\/schema.org","@graph":[{"@type":"WebPage","@id":"https:\/\/utv.tunastore.se\/?product=steel-multipocket-pant-carhartt-brown","url":"https:\/\/utv.tunastore.se\/?product=steel-multipocket-pant-carhartt-brown","name":"STEEL MULTIPOCKET PANT CARHARTT BROWN - Tunastore","isPartOf":{"@id":"https:\/\/utv.tunastore.se\/#website"},"primaryImageOfPage":{"@id":"https:\/\/utv.tunastore.se\/?product=steel-multipocket-pant-carhartt-brown#primaryimage"},"image":{"@id":"https:\/\/utv.tunastore.se\/?product=steel-multipocket-pant-carhartt-brown#primaryimage"},"thumbnailUrl":"https:\/\/utv.tunastore.se\/wp-content\/uploads\/2025\/08\/178512329-origpic-9aec5c.jpg","datePublished":"2025-07-11T14:57:44+00:00","dateModified":"2025-10-05T18:33:32+00:00","breadcrumb":{"@id":"https:\/\/utv.tunastore.se\/?product=steel-multipocket-pant-carhartt-brown#breadcrumb"},"inLanguage":"sv-SE","potentialAction":[{"@type":"ReadAction","target":["https:\/\/utv.tunastore.se\/?product=steel-multipocket-pant-carhartt-brown"]}]},{"@type":"ImageObject","inLanguage":"sv-SE","@id":"https:\/\/utv.tunastore.se\/?product=steel-multipocket-pant-carhartt-brown#primaryimage","url":"https:\/\/utv.tunastore.se\/wp-content\/uploads\/2025\/08\/178512329-origpic-9aec5c.jpg","contentUrl":"https:\/\/utv.tunastore.se\/wp-content\/uploads\/2025\/08\/178512329-origpic-9aec5c.jpg","width":1181,"height":1181},{"@type":"BreadcrumbList","@id":"https:\/\/utv.tunastore.se\/?product=steel-multipocket-pant-carhartt-brown#breadcrumb","itemListElement":[{"@type":"ListItem","position":1,"name":"Hem","item":"https:\/\/utv.tunastore.se\/"},{"@type":"ListItem","position":2,"name":"Shop","item":"https:\/\/utv.tunastore.se\/?page_id=5"},{"@type":"ListItem","position":3,"name":"STEEL MULTIPOCKET PANT CARHARTT BROWN"}]},{"@type":"WebSite","@id":"https:\/\/utv.tunastore.se\/#website","url":"https:\/\/utv.tunastore.se\/","name":"Tunastore","description":"","publisher":{"@id":"https:\/\/utv.tunastore.se\/#organization"},"potentialAction":[{"@type":"SearchAction","target":{"@type":"EntryPoint","urlTemplate":"https:\/\/utv.tunastore.se\/?s={search_term_string}"},"query-input":{"@type":"PropertyValueSpecification","valueRequired":true,"valueName":"search_term_string"}}],"inLanguage":"sv-SE"},{"@type":"Organization","@id":"https:\/\/utv.tunastore.se\/#organization","name":"Tunastore","url":"https:\/\/utv.tunastore.se\/","logo":{"@type":"ImageObject","inLanguage":"sv-SE","@id":"https:\/\/utv.tunastore.se\/#\/schema\/logo\/image\/","url":"https:\/\/tunastore.se\/wp-content\/uploads\/2025\/07\/cropped-tuna_vit.png","contentUrl":"https:\/\/tunastore.se\/wp-content\/uploads\/2025\/07\/cropped-tuna_vit.png","width":426,"height":77,"caption":"Tunastore"},"image":{"@id":"https:\/\/utv.tunastore.se\/#\/schema\/logo\/image\/"}}]}},"_links":{"self":[{"href":"https:\/\/utv.tunastore.se\/index.php?rest_route=\/wp\/v2\/product\/1097","targetHints":{"allow":["GET"]}}],"collection":[{"href":"https:\/\/utv.tunastore.se\/index.php?rest_route=\/wp\/v2\/product"}],"about":[{"href":"https:\/\/utv.tunastore.se\/index.php?rest_route=\/wp\/v2\/types\/product"}],"wp:featuredmedia":[{"embeddable":true,"href":"https:\/\/utv.tunastore.se\/index.php?rest_route=\/wp\/v2\/media\/1927"}],"wp:attachment":[{"href":"https:\/\/utv.tunastore.se\/index.php?rest_route=%2Fwp%2Fv2%2Fmedia&parent=1097"}],"wp:term":[{"taxonomy":"product_brand","embeddable":true,"href":"https:\/\/utv.tunastore.se\/index.php?rest_route=%2Fwp%2Fv2%2Fproduct_brand&post=1097"},{"taxonomy":"product_cat","embeddable":true,"href":"https:\/\/utv.tunastore.se\/index.php?rest_route=%2Fwp%2Fv2%2Fproduct_cat&post=1097"},{"taxonomy":"product_tag","embeddable":true,"href":"https:\/\/utv.tunastore.se\/index.php?rest_route=%2Fwp%2Fv2%2Fproduct_tag&post=1097"}],"curies":[{"name":"wp","href":"https:\/\/api.w.org\/{rel}","templated":true}]}}